{"id":107,"date":"2013-05-26T19:22:53","date_gmt":"2013-05-26T23:22:53","guid":{"rendered":"http:\/\/cpecheznouschezvous.org\/?page_id=107"},"modified":"2022-04-25T16:18:57","modified_gmt":"2022-04-25T20:18:57","slug":"cpe-chez-chez","status":"publish","type":"page","link":"https:\/\/cpecheznouschezvous.org\/","title":{"rendered":"CPE Chez-nous chez-vous, au coeur de Villeray."},"content":{"rendered":"<h1>Le CPE Chez-nous chez-vous<\/h1>\n<p><strong>Au c\u0153ur du quartier Villeray, le CPE Chez-nous chez-vous, un milieu de vie inclusif, sain et \u00e9ducatif, offre \u00e0 tous les enfants qui le fr\u00e9quentent la possibilit\u00e9 de d\u00e9velopper leur plein potentiel et de bien se pr\u00e9parer aux prochaines \u00e9tapes de leur vie.<\/strong><\/p>\n<p>Le CPE compte trois installations, les deux premi\u00e8res au nord du quartier, sur la rue Berri, l\u2019autre au sud, sur la rue de Castelnau. L\u2019installation Berri qui occupe les premiers \u00e9tages du b\u00e2timent de la rue Berri re\u00e7oit 78 enfants dont 10 poupons de moins de 18 mois. La nouvelle installation Lajeunesse, ouverte depuis f\u00e9vrier 2022, re\u00e7oit 50 enfants de 18 mois et plus au troisi\u00e8me et dernier \u00e9tage du b\u00e2timent de la rue Berri. L\u2019installation Castelnau re\u00e7oit 70 enfants dont 10 poupons de moins de 18 mois. Chaque installation fonctionne de 7 h \u00e0 18 h, du lundi au vendredi.<\/p>\n<p>Chaque enfant est accueilli dans un milieu chaleureux o\u00f9 sont v\u00e9hicul\u00e9es des valeurs comme le respect, le plaisir et la cr\u00e9ativit\u00e9, l\u2019estime de soi et la confiance, l\u2019autonomie, la collaboration, l\u2019empathie et la tol\u00e9rance.<\/p>\n<p>Pour obtenir une place au CPE Chez-nous chez-vous, vous devez inscrire votre enfant au guichet unique <a href=\"https:\/\/www.laplace0-5.com\/\" target=\"_blank\" rel=\"noopener\">La place 0-5<\/a>. La gestion de <a href=\"https:\/\/cpecheznouschezvous.org\/?page_id=599\">notre liste d\u2019attente<\/a> est faite de mani\u00e8re stricte en tenant compte de certains crit\u00e8res adopt\u00e9s par le conseil d\u2019administration du CPE.<\/p>\n<p><img decoding=\"async\" loading=\"lazy\" class=\"so-widget-image\" title=\"cropped-logo-cpe-e1486149033183.jpg\" src=\"https:\/\/cpecheznouschezvous.org\/site_public\/wp-content\/uploads\/2017\/02\/cropped-logo-cpe-e1486149033183.jpg\" sizes=\"(max-width: 150px) 100vw, 150px\" srcset=\"https:\/\/cpecheznouschezvous.org\/site_public\/wp-content\/uploads\/2017\/02\/cropped-logo-cpe-e1486149033183.jpg 150w, https:\/\/cpecheznouschezvous.org\/site_public\/wp-content\/uploads\/2017\/02\/cropped-logo-cpe-e1486149033183-45x45.jpg 45w\" width=\"150\" height=\"150\" \/><\/p>\n","protected":false},"excerpt":{"rendered":"<p>Le CPE Chez-nous chez-vous Au c\u0153ur du quartier Villeray, le CPE Chez-nous chez-vous, un milieu de vie inclusif, sain et \u00e9ducatif, offre \u00e0 tous les enfants qui le fr\u00e9quentent la possibilit\u00e9 de d\u00e9velopper leur plein potentiel et de bien se pr\u00e9parer aux prochaines \u00e9tapes de leur vie. Le CPE compte trois installations, les deux premi\u00e8res <a class=\"read-more\" href=\"https:\/\/cpecheznouschezvous.org\/\">Read More<\/a><\/p>\n","protected":false},"author":1,"featured_media":0,"parent":0,"menu_order":0,"comment_status":"closed","ping_status":"closed","template":"","meta":{"_exactmetrics_skip_tracking":false,"_exactmetrics_sitenote_active":false,"_exactmetrics_sitenote_note":"","_exactmetrics_sitenote_category":0,"footnotes":""},"yoast_head":"<!-- This site is optimized with the Yoast SEO plugin v21.1 - https:\/\/yoast.com\/wordpress\/plugins\/seo\/ -->\n<title>CPE Chez-nous chez-vous, au coeur de Villeray. -<\/title>\n<meta name=\"robots\" content=\"index, follow, max-snippet:-1, max-image-preview:large, max-video-preview:-1\" \/>\n<link rel=\"canonical\" href=\"https:\/\/cpecheznouschezvous.org\/\" \/>\n<meta property=\"og:locale\" content=\"fr_FR\" \/>\n<meta property=\"og:type\" content=\"article\" \/>\n<meta property=\"og:title\" content=\"CPE Chez-nous chez-vous, au coeur de Villeray. -\" \/>\n<meta property=\"og:description\" content=\"Le CPE Chez-nous chez-vous Au c\u0153ur du quartier Villeray, le CPE Chez-nous chez-vous, un milieu de vie inclusif, sain et \u00e9ducatif, offre \u00e0 tous les enfants qui le fr\u00e9quentent la possibilit\u00e9 de d\u00e9velopper leur plein potentiel et de bien se pr\u00e9parer aux prochaines \u00e9tapes de leur vie. Le CPE compte trois installations, les deux premi\u00e8res Read More\" \/>\n<meta property=\"og:url\" content=\"https:\/\/cpecheznouschezvous.org\/\" \/>\n<meta property=\"article:modified_time\" content=\"2022-04-25T20:18:57+00:00\" \/>\n<meta property=\"og:image\" content=\"http:\/\/cpecheznouschezvous.org\/site_public\/wp-content\/uploads\/2017\/02\/cropped-logo-cpe-e1486149033183.jpg\" \/>\n<meta name=\"twitter:card\" content=\"summary_large_image\" \/>\n<meta name=\"twitter:label1\" content=\"Dur\u00e9e de lecture estim\u00e9e\" \/>\n\t<meta name=\"twitter:data1\" content=\"1 minute\" \/>\n<script type=\"application\/ld+json\" class=\"yoast-schema-graph\">{\"@context\":\"https:\/\/schema.org\",\"@graph\":[{\"@type\":\"WebPage\",\"@id\":\"https:\/\/cpecheznouschezvous.org\/\",\"url\":\"https:\/\/cpecheznouschezvous.org\/\",\"name\":\"CPE Chez-nous chez-vous, au coeur de Villeray. -\",\"isPartOf\":{\"@id\":\"https:\/\/cpecheznouschezvous.org\/#website\"},\"datePublished\":\"2013-05-26T23:22:53+00:00\",\"dateModified\":\"2022-04-25T20:18:57+00:00\",\"breadcrumb\":{\"@id\":\"https:\/\/cpecheznouschezvous.org\/#breadcrumb\"},\"inLanguage\":\"fr-FR\",\"potentialAction\":[{\"@type\":\"ReadAction\",\"target\":[\"https:\/\/cpecheznouschezvous.org\/\"]}]},{\"@type\":\"BreadcrumbList\",\"@id\":\"https:\/\/cpecheznouschezvous.org\/#breadcrumb\",\"itemListElement\":[{\"@type\":\"ListItem\",\"position\":1,\"name\":\"Home\",\"item\":\"https:\/\/cpecheznouschezvous.org\/\"},{\"@type\":\"ListItem\",\"position\":2,\"name\":\"CPE Chez-nous chez-vous, au coeur de Villeray.\"}]},{\"@type\":\"WebSite\",\"@id\":\"https:\/\/cpecheznouschezvous.org\/#website\",\"url\":\"https:\/\/cpecheznouschezvous.org\/\",\"name\":\"\",\"description\":\"CPE Chez-nous chez-vous, au coeur de Villeray.\",\"potentialAction\":[{\"@type\":\"SearchAction\",\"target\":{\"@type\":\"EntryPoint\",\"urlTemplate\":\"https:\/\/cpecheznouschezvous.org\/?s={search_term_string}\"},\"query-input\":\"required name=search_term_string\"}],\"inLanguage\":\"fr-FR\"}]}<\/script>\n<!-- \/ Yoast SEO plugin. -->","yoast_head_json":{"title":"CPE Chez-nous chez-vous, au coeur de Villeray. -","robots":{"index":"index","follow":"follow","max-snippet":"max-snippet:-1","max-image-preview":"max-image-preview:large","max-video-preview":"max-video-preview:-1"},"canonical":"https:\/\/cpecheznouschezvous.org\/","og_locale":"fr_FR","og_type":"article","og_title":"CPE Chez-nous chez-vous, au coeur de Villeray. -","og_description":"Le CPE Chez-nous chez-vous Au c\u0153ur du quartier Villeray, le CPE Chez-nous chez-vous, un milieu de vie inclusif, sain et \u00e9ducatif, offre \u00e0 tous les enfants qui le fr\u00e9quentent la possibilit\u00e9 de d\u00e9velopper leur plein potentiel et de bien se pr\u00e9parer aux prochaines \u00e9tapes de leur vie. Le CPE compte trois installations, les deux premi\u00e8res Read More","og_url":"https:\/\/cpecheznouschezvous.org\/","article_modified_time":"2022-04-25T20:18:57+00:00","og_image":[{"url":"http:\/\/cpecheznouschezvous.org\/site_public\/wp-content\/uploads\/2017\/02\/cropped-logo-cpe-e1486149033183.jpg"}],"twitter_card":"summary_large_image","twitter_misc":{"Dur\u00e9e de lecture estim\u00e9e":"1 minute"},"schema":{"@context":"https:\/\/schema.org","@graph":[{"@type":"WebPage","@id":"https:\/\/cpecheznouschezvous.org\/","url":"https:\/\/cpecheznouschezvous.org\/","name":"CPE Chez-nous chez-vous, au coeur de Villeray. -","isPartOf":{"@id":"https:\/\/cpecheznouschezvous.org\/#website"},"datePublished":"2013-05-26T23:22:53+00:00","dateModified":"2022-04-25T20:18:57+00:00","breadcrumb":{"@id":"https:\/\/cpecheznouschezvous.org\/#breadcrumb"},"inLanguage":"fr-FR","potentialAction":[{"@type":"ReadAction","target":["https:\/\/cpecheznouschezvous.org\/"]}]},{"@type":"BreadcrumbList","@id":"https:\/\/cpecheznouschezvous.org\/#breadcrumb","itemListElement":[{"@type":"ListItem","position":1,"name":"Home","item":"https:\/\/cpecheznouschezvous.org\/"},{"@type":"ListItem","position":2,"name":"CPE Chez-nous chez-vous, au coeur de Villeray."}]},{"@type":"WebSite","@id":"https:\/\/cpecheznouschezvous.org\/#website","url":"https:\/\/cpecheznouschezvous.org\/","name":"","description":"CPE Chez-nous chez-vous, au coeur de Villeray.","potentialAction":[{"@type":"SearchAction","target":{"@type":"EntryPoint","urlTemplate":"https:\/\/cpecheznouschezvous.org\/?s={search_term_string}"},"query-input":"required name=search_term_string"}],"inLanguage":"fr-FR"}]}},"_links":{"self":[{"href":"https:\/\/cpecheznouschezvous.org\/index.php?rest_route=\/wp\/v2\/pages\/107"}],"collection":[{"href":"https:\/\/cpecheznouschezvous.org\/index.php?rest_route=\/wp\/v2\/pages"}],"about":[{"href":"https:\/\/cpecheznouschezvous.org\/index.php?rest_route=\/wp\/v2\/types\/page"}],"author":[{"embeddable":true,"href":"https:\/\/cpecheznouschezvous.org\/index.php?rest_route=\/wp\/v2\/users\/1"}],"replies":[{"embeddable":true,"href":"https:\/\/cpecheznouschezvous.org\/index.php?rest_route=%2Fwp%2Fv2%2Fcomments&post=107"}],"version-history":[{"count":77,"href":"https:\/\/cpecheznouschezvous.org\/index.php?rest_route=\/wp\/v2\/pages\/107\/revisions"}],"predecessor-version":[{"id":654,"href":"https:\/\/cpecheznouschezvous.org\/index.php?rest_route=\/wp\/v2\/pages\/107\/revisions\/654"}],"wp:attachment":[{"href":"https:\/\/cpecheznouschezvous.org\/index.php?rest_route=%2Fwp%2Fv2%2Fmedia&parent=107"}],"curies":[{"name":"wp","href":"https:\/\/api.w.org\/{rel}","templated":true}]}}