{"id":14,"date":"2013-03-10T14:34:38","date_gmt":"2013-03-10T14:34:38","guid":{"rendered":"http:\/\/cpecheznouschezvous.org\/site_public\/?page_id=14"},"modified":"2023-09-13T10:11:25","modified_gmt":"2023-09-13T14:11:25","slug":"nos-politiques","status":"publish","type":"page","link":"https:\/\/cpecheznouschezvous.org\/?page_id=14","title":{"rendered":"Nos politiques"},"content":{"rendered":"<p><strong>Le conseil d\u2019administration du CPE Chez-nous chez-vous a adopt\u00e9 plusieurs politiques qui encadrent le fonctionnement du CPE. On trouve ici celles qui concernent les parents.<\/strong><\/p>\n<p><strong>Politiques sur le fonctionnement du CPE<\/strong><\/p>\n<ul>\n<li><a href=\"https:\/\/cpecheznouschezvous.org\/site_public\/wp-content\/uploads\/2013\/03\/Code-de\u0301thique-des-membres-du-CA-2021.pdf\" target=\"_blank\" rel=\"noopener\">Code d\u2019\u00e9thique des membres du conseil d\u2019administration<\/a><\/li>\n<li><a href=\"https:\/\/cpecheznouschezvous.org\/site_public\/wp-content\/uploads\/2021\/11\/Plateforme-pe\u0301dagogique-novembre-2021.pdf\" target=\"_blank\" rel=\"noopener\">Plateforme p\u00e9dagogique<\/a><\/li>\n<li><a href=\"https:\/\/cpecheznouschezvous.org\/site_public\/wp-content\/uploads\/2022\/Politique%20de%20gestion%20de%20la%20liste%20d'attente%202022.pdf\" target=\"_blank\" rel=\"noopener\">Politique de gestion de la liste d\u2019attente<\/a><\/li>\n<li><a href=\"https:\/\/cpecheznouschezvous.org\/site_public\/wp-content\/uploads\/2023\/09\/Politique-de-traitement-des-plaintes-Septembre-2023.pdf\" target=\"_blank\" rel=\"noopener\">Politique de traitement des plaintes<\/a><\/li>\n<li><a href=\"https:\/\/cpecheznouschezvous.org\/site_public\/wp-content\/uploads\/2013\/03\/Politique-dexpulsion-dun-enfant-2021.pdf\" target=\"_blank\" rel=\"noopener\">Politique d\u2019expulsion d\u2019un enfant<\/a><\/li>\n<li><a href=\"https:\/\/cpecheznouschezvous.org\/site_public\/wp-content\/uploads\/2023\/09\/Politique-renseignements-personnels-2023.pdf\" target=\"_blank\" rel=\"noopener\">Politique sur la gestion, la protection et la confidentialit\u00e9 des renseignements personnels<\/a><\/li>\n<li><a href=\"https:\/\/cpecheznouschezvous.org\/site_public\/wp-content\/uploads\/2022\/R%c3%a9gie%20interne%202022.pdf\" target=\"_blank\" rel=\"noopener\">R\u00e8gles de r\u00e9gie interne<\/a><\/li>\n<li><a href=\"https:\/\/cpecheznouschezvous.org\/site_public\/wp-content\/uploads\/2022\/R\u00e8glements-g\u00e9n\u00e9raux-septembre-2022.pdf\" target=\"_blank\" rel=\"noopener\">R\u00e8glements g\u00e9n\u00e9raux\u00a0<\/a><\/li>\n<\/ul>\n<p><strong>Politiques alimentaires<\/strong><\/p>\n<ul>\n<li><a href=\"https:\/\/cpecheznouschezvous.org\/site_public\/wp-content\/uploads\/2021\/05\/Politique-alimentaire-2021.pdf\" target=\"_blank\" rel=\"noopener\">Politique alimentaire<\/a><\/li>\n<li><a href=\"https:\/\/cpecheznouschezvous.org\/site_public\/wp-content\/uploads\/2021\/05\/Politique-allergies-alimentaires-2021.pdf\" target=\"_blank\" rel=\"noopener\">Politique de gestion des allergies et des intol\u00e9rances alimentaires<\/a><\/li>\n<\/ul>\n<p><strong>Politiques de climat de travail<\/strong><\/p>\n<ul>\n<li><a href=\"https:\/\/cpecheznouschezvous.org\/site_public\/wp-content\/uploads\/2013\/03\/Code-de-civilite\u0301-2021.pdf\" target=\"_blank\" rel=\"noopener\">Code de civilit\u00e9<\/a><\/li>\n<li><a href=\"https:\/\/cpecheznouschezvous.org\/site_public\/wp-content\/uploads\/2013\/03\/Politique-de-pre\u0301vention-du-harce\u0300lement-2021.pdf\" target=\"_blank\" rel=\"noopener\">Politique de pr\u00e9vention du harc\u00e8lement en milieu de travail<\/a><\/li>\n<li><a href=\"https:\/\/cpecheznouschezvous.org\/site_public\/wp-content\/uploads\/2022\/04\/Politique-de-protection-contre-la-violence-conjugale-et-familiale-2022.pdf\">Politique de protection contre la violence conjugale et familiale<\/a><\/li>\n<\/ul>\n","protected":false},"excerpt":{"rendered":"<p>Le conseil d\u2019administration du CPE Chez-nous chez-vous a adopt\u00e9 plusieurs politiques qui encadrent le fonctionnement du CPE. On trouve ici celles qui concernent les parents. Politiques sur le fonctionnement du CPE Code d\u2019\u00e9thique des membres du conseil d\u2019administration Plateforme p\u00e9dagogique Politique de gestion de la liste d\u2019attente Politique de traitement des plaintes Politique d\u2019expulsion d\u2019un <a class=\"read-more\" href=\"https:\/\/cpecheznouschezvous.org\/?page_id=14\">Read More<\/a><\/p>\n","protected":false},"author":1,"featured_media":336,"parent":0,"menu_order":0,"comment_status":"closed","ping_status":"open","template":"","meta":{"_exactmetrics_skip_tracking":false,"_exactmetrics_sitenote_active":false,"_exactmetrics_sitenote_note":"","_exactmetrics_sitenote_category":0,"footnotes":""},"yoast_head":"<!-- This site is optimized with the Yoast SEO plugin v21.1 - https:\/\/yoast.com\/wordpress\/plugins\/seo\/ -->\n<title>Nos politiques -<\/title>\n<meta name=\"robots\" content=\"index, follow, max-snippet:-1, max-image-preview:large, max-video-preview:-1\" \/>\n<link rel=\"canonical\" href=\"https:\/\/cpecheznouschezvous.org\/?page_id=14\" \/>\n<meta property=\"og:locale\" content=\"fr_FR\" \/>\n<meta property=\"og:type\" content=\"article\" \/>\n<meta property=\"og:title\" content=\"Nos politiques -\" \/>\n<meta property=\"og:description\" content=\"Le conseil d\u2019administration du CPE Chez-nous chez-vous a adopt\u00e9 plusieurs politiques qui encadrent le fonctionnement du CPE. On trouve ici celles qui concernent les parents. Politiques sur le fonctionnement du CPE Code d\u2019\u00e9thique des membres du conseil d\u2019administration Plateforme p\u00e9dagogique Politique de gestion de la liste d\u2019attente Politique de traitement des plaintes Politique d\u2019expulsion d\u2019un Read More\" \/>\n<meta property=\"og:url\" content=\"https:\/\/cpecheznouschezvous.org\/?page_id=14\" \/>\n<meta property=\"article:modified_time\" content=\"2023-09-13T14:11:25+00:00\" \/>\n<meta property=\"og:image\" content=\"https:\/\/cpecheznouschezvous.org\/site_public\/wp-content\/uploads\/2017\/02\/dessin-d-enfant.gif\" \/>\n\t<meta property=\"og:image:width\" content=\"1500\" \/>\n\t<meta property=\"og:image:height\" content=\"300\" \/>\n\t<meta property=\"og:image:type\" content=\"image\/gif\" \/>\n<meta name=\"twitter:card\" content=\"summary_large_image\" \/>\n<meta name=\"twitter:label1\" content=\"Dur\u00e9e de lecture estim\u00e9e\" \/>\n\t<meta name=\"twitter:data1\" content=\"1 minute\" \/>\n<script type=\"application\/ld+json\" class=\"yoast-schema-graph\">{\"@context\":\"https:\/\/schema.org\",\"@graph\":[{\"@type\":\"WebPage\",\"@id\":\"https:\/\/cpecheznouschezvous.org\/?page_id=14\",\"url\":\"https:\/\/cpecheznouschezvous.org\/?page_id=14\",\"name\":\"Nos politiques -\",\"isPartOf\":{\"@id\":\"https:\/\/cpecheznouschezvous.org\/#website\"},\"datePublished\":\"2013-03-10T14:34:38+00:00\",\"dateModified\":\"2023-09-13T14:11:25+00:00\",\"breadcrumb\":{\"@id\":\"https:\/\/cpecheznouschezvous.org\/?page_id=14#breadcrumb\"},\"inLanguage\":\"fr-FR\",\"potentialAction\":[{\"@type\":\"ReadAction\",\"target\":[\"https:\/\/cpecheznouschezvous.org\/?page_id=14\"]}]},{\"@type\":\"BreadcrumbList\",\"@id\":\"https:\/\/cpecheznouschezvous.org\/?page_id=14#breadcrumb\",\"itemListElement\":[{\"@type\":\"ListItem\",\"position\":1,\"name\":\"Home\",\"item\":\"https:\/\/cpecheznouschezvous.org\/\"},{\"@type\":\"ListItem\",\"position\":2,\"name\":\"Nos politiques\"}]},{\"@type\":\"WebSite\",\"@id\":\"https:\/\/cpecheznouschezvous.org\/#website\",\"url\":\"https:\/\/cpecheznouschezvous.org\/\",\"name\":\"\",\"description\":\"CPE Chez-nous chez-vous, au coeur de Villeray.\",\"potentialAction\":[{\"@type\":\"SearchAction\",\"target\":{\"@type\":\"EntryPoint\",\"urlTemplate\":\"https:\/\/cpecheznouschezvous.org\/?s={search_term_string}\"},\"query-input\":\"required name=search_term_string\"}],\"inLanguage\":\"fr-FR\"}]}<\/script>\n<!-- \/ Yoast SEO plugin. -->","yoast_head_json":{"title":"Nos politiques -","robots":{"index":"index","follow":"follow","max-snippet":"max-snippet:-1","max-image-preview":"max-image-preview:large","max-video-preview":"max-video-preview:-1"},"canonical":"https:\/\/cpecheznouschezvous.org\/?page_id=14","og_locale":"fr_FR","og_type":"article","og_title":"Nos politiques -","og_description":"Le conseil d\u2019administration du CPE Chez-nous chez-vous a adopt\u00e9 plusieurs politiques qui encadrent le fonctionnement du CPE. On trouve ici celles qui concernent les parents. Politiques sur le fonctionnement du CPE Code d\u2019\u00e9thique des membres du conseil d\u2019administration Plateforme p\u00e9dagogique Politique de gestion de la liste d\u2019attente Politique de traitement des plaintes Politique d\u2019expulsion d\u2019un Read More","og_url":"https:\/\/cpecheznouschezvous.org\/?page_id=14","article_modified_time":"2023-09-13T14:11:25+00:00","og_image":[{"width":1500,"height":300,"url":"https:\/\/cpecheznouschezvous.org\/site_public\/wp-content\/uploads\/2017\/02\/dessin-d-enfant.gif","type":"image\/gif"}],"twitter_card":"summary_large_image","twitter_misc":{"Dur\u00e9e de lecture estim\u00e9e":"1 minute"},"schema":{"@context":"https:\/\/schema.org","@graph":[{"@type":"WebPage","@id":"https:\/\/cpecheznouschezvous.org\/?page_id=14","url":"https:\/\/cpecheznouschezvous.org\/?page_id=14","name":"Nos politiques -","isPartOf":{"@id":"https:\/\/cpecheznouschezvous.org\/#website"},"datePublished":"2013-03-10T14:34:38+00:00","dateModified":"2023-09-13T14:11:25+00:00","breadcrumb":{"@id":"https:\/\/cpecheznouschezvous.org\/?page_id=14#breadcrumb"},"inLanguage":"fr-FR","potentialAction":[{"@type":"ReadAction","target":["https:\/\/cpecheznouschezvous.org\/?page_id=14"]}]},{"@type":"BreadcrumbList","@id":"https:\/\/cpecheznouschezvous.org\/?page_id=14#breadcrumb","itemListElement":[{"@type":"ListItem","position":1,"name":"Home","item":"https:\/\/cpecheznouschezvous.org\/"},{"@type":"ListItem","position":2,"name":"Nos politiques"}]},{"@type":"WebSite","@id":"https:\/\/cpecheznouschezvous.org\/#website","url":"https:\/\/cpecheznouschezvous.org\/","name":"","description":"CPE Chez-nous chez-vous, au coeur de Villeray.","potentialAction":[{"@type":"SearchAction","target":{"@type":"EntryPoint","urlTemplate":"https:\/\/cpecheznouschezvous.org\/?s={search_term_string}"},"query-input":"required name=search_term_string"}],"inLanguage":"fr-FR"}]}},"_links":{"self":[{"href":"https:\/\/cpecheznouschezvous.org\/index.php?rest_route=\/wp\/v2\/pages\/14"}],"collection":[{"href":"https:\/\/cpecheznouschezvous.org\/index.php?rest_route=\/wp\/v2\/pages"}],"about":[{"href":"https:\/\/cpecheznouschezvous.org\/index.php?rest_route=\/wp\/v2\/types\/page"}],"author":[{"embeddable":true,"href":"https:\/\/cpecheznouschezvous.org\/index.php?rest_route=\/wp\/v2\/users\/1"}],"replies":[{"embeddable":true,"href":"https:\/\/cpecheznouschezvous.org\/index.php?rest_route=%2Fwp%2Fv2%2Fcomments&post=14"}],"version-history":[{"count":59,"href":"https:\/\/cpecheznouschezvous.org\/index.php?rest_route=\/wp\/v2\/pages\/14\/revisions"}],"predecessor-version":[{"id":687,"href":"https:\/\/cpecheznouschezvous.org\/index.php?rest_route=\/wp\/v2\/pages\/14\/revisions\/687"}],"wp:featuredmedia":[{"embeddable":true,"href":"https:\/\/cpecheznouschezvous.org\/index.php?rest_route=\/wp\/v2\/media\/336"}],"wp:attachment":[{"href":"https:\/\/cpecheznouschezvous.org\/index.php?rest_route=%2Fwp%2Fv2%2Fmedia&parent=14"}],"curies":[{"name":"wp","href":"https:\/\/api.w.org\/{rel}","templated":true}]}}