{"id":602,"date":"2021-05-20T13:52:26","date_gmt":"2021-05-20T17:52:26","guid":{"rendered":"http:\/\/cpecheznouschezvous.org\/?page_id=602"},"modified":"2021-11-17T13:29:45","modified_gmt":"2021-11-17T18:29:45","slug":"notre-equipe","status":"publish","type":"page","link":"https:\/\/cpecheznouschezvous.org\/?page_id=602","title":{"rendered":"Notre \u00e9quipe"},"content":{"rendered":"<p><strong>Le CPE Chez-nous chez-vous est reconnu dans sa communaut\u00e9 pour la qualit\u00e9 de ses services et son sens de l\u2019innovation. Chaque enfant, quels que soient ses besoins, peut s\u2019y d\u00e9velopper, par le jeu, entour\u00e9 d\u2019une \u00e9quipe de travail professionnelle et engag\u00e9e dans le projet de sa r\u00e9ussite \u00e9ducative.<\/strong><\/p>\n<p>La communication entre les parents et l\u2019\u00e9quipe du CPE est r\u00e9guli\u00e8re et transparente. Chaque acteur du CPE est int\u00e9gr\u00e9 dans une communaut\u00e9 dynamique qui favorise la collaboration et le bien-\u00eatre des enfants.<\/p>\n<p><strong>Direction<\/strong><br \/>\nNotre \u00e9quipe de direction assure au quotidien la gestion du CPE, c\u2019est \u00e0 dire qu\u2019elle planifie, organise, dirige et \u00e9value l\u2019ensemble des activit\u00e9s et des ressources humaines, financi\u00e8res et mat\u00e9rielles du CPE. Elle veille au bon fonctionnement de chacune des\u00a0installations du CPE et ses membres y sont tr\u00e8s pr\u00e9sentes.\u00a0Ne soyez pas surpris si vos enfants les saluent par leurs pr\u00e9noms!<\/p>\n<p><strong>\u00c9ducatrices<\/strong><br \/>\nNotre personnel \u00e9ducateur est passionn\u00e9, attentionn\u00e9 et comp\u00e9tent. Il assure le bien-\u00eatre, la sant\u00e9 et la s\u00e9curit\u00e9 des enfants et veille\u00a0\u00e0 mettre en \u0153uvre la <a href=\"https:\/\/cpecheznouschezvous.org\/site_public\/wp-content\/uploads\/2021\/11\/Plateforme-pe\u0301dagogique-novembre-2021.pdf\" target=\"_blank\" rel=\"noopener\">plateforme p\u00e9dagogique<\/a> du CPE, ax\u00e9e sur les apprentissages par le jeu.<\/p>\n<p><strong>Responsables de l\u2019alimentation<\/strong><br \/>\nNos responsables de l\u2019alimentation veillent \u00e0 la planification, \u00e0 la pr\u00e9paration et au service des repas et collations. Un menu \u00e9quilibr\u00e9 et vari\u00e9 est offert, avec des mets app\u00e9tissants qui r\u00e9pondent aux normes du Guide alimentaire canadien. Les r\u00e8gles concernant l\u2019alimentation sont pr\u00e9cis\u00e9es dans la <a href=\"https:\/\/cpecheznouschezvous.org\/site_public\/wp-content\/uploads\/2021\/05\/Politique-alimentaire-2021.pdf\" target=\"_blank\" rel=\"noopener\">Politique alimentaire<\/a> du CPE ainsi que dans la <a href=\"https:\/\/cpecheznouschezvous.org\/site_public\/wp-content\/uploads\/2021\/05\/Politique-allergies-alimentaires-2021.pdf\" target=\"_blank\" rel=\"noopener\">Politique de gestion des allergies et intol\u00e9rances alimentaires<\/a>.<\/p>\n<p><strong>Professionnels en soutien<\/strong><br \/>\nLe CPE poss\u00e8de l\u2019expertise pour accueillir et accompagner les enfants ayant des\u00a0besoins particuliers. Nous travaillons en collaboration avec divers sp\u00e9cialistes : orthophoniste, ergoth\u00e9rapeute, psychologue ou physioth\u00e9rapeute. \u00c9galement, le CPE compte sur les intervenants du\u00a0r\u00e9seau de la sant\u00e9, particuli\u00e8rement du CLSC, pour certaines probl\u00e9matiques.<\/p>\n","protected":false},"excerpt":{"rendered":"<p>Le CPE Chez-nous chez-vous est reconnu dans sa communaut\u00e9 pour la qualit\u00e9 de ses services et son sens de l\u2019innovation. Chaque enfant, quels que soient ses besoins, peut s\u2019y d\u00e9velopper, par le jeu, entour\u00e9 d\u2019une \u00e9quipe de travail professionnelle et engag\u00e9e dans le projet de sa r\u00e9ussite \u00e9ducative. La communication entre les parents et l\u2019\u00e9quipe <a class=\"read-more\" href=\"https:\/\/cpecheznouschezvous.org\/?page_id=602\">Read More<\/a><\/p>\n","protected":false},"author":7,"featured_media":358,"parent":0,"menu_order":0,"comment_status":"closed","ping_status":"closed","template":"","meta":{"_exactmetrics_skip_tracking":false,"_exactmetrics_sitenote_active":false,"_exactmetrics_sitenote_note":"","_exactmetrics_sitenote_category":0,"footnotes":""},"yoast_head":"<!-- This site is optimized with the Yoast SEO plugin v21.1 - https:\/\/yoast.com\/wordpress\/plugins\/seo\/ -->\n<title>Notre \u00e9quipe -<\/title>\n<meta name=\"robots\" content=\"index, follow, max-snippet:-1, max-image-preview:large, max-video-preview:-1\" \/>\n<link rel=\"canonical\" href=\"https:\/\/cpecheznouschezvous.org\/?page_id=602\" \/>\n<meta property=\"og:locale\" content=\"fr_FR\" \/>\n<meta property=\"og:type\" content=\"article\" \/>\n<meta property=\"og:title\" content=\"Notre \u00e9quipe -\" \/>\n<meta property=\"og:description\" content=\"Le CPE Chez-nous chez-vous est reconnu dans sa communaut\u00e9 pour la qualit\u00e9 de ses services et son sens de l\u2019innovation. Chaque enfant, quels que soient ses besoins, peut s\u2019y d\u00e9velopper, par le jeu, entour\u00e9 d\u2019une \u00e9quipe de travail professionnelle et engag\u00e9e dans le projet de sa r\u00e9ussite \u00e9ducative. La communication entre les parents et l\u2019\u00e9quipe Read More\" \/>\n<meta property=\"og:url\" content=\"https:\/\/cpecheznouschezvous.org\/?page_id=602\" \/>\n<meta property=\"article:modified_time\" content=\"2021-11-17T18:29:45+00:00\" \/>\n<meta property=\"og:image\" content=\"https:\/\/cpecheznouschezvous.org\/site_public\/wp-content\/uploads\/2017\/02\/enfants-dans-la-cour.gif\" \/>\n\t<meta property=\"og:image:width\" content=\"1500\" \/>\n\t<meta property=\"og:image:height\" content=\"300\" \/>\n\t<meta property=\"og:image:type\" content=\"image\/gif\" \/>\n<meta name=\"twitter:card\" content=\"summary_large_image\" \/>\n<meta name=\"twitter:label1\" content=\"Dur\u00e9e de lecture estim\u00e9e\" \/>\n\t<meta name=\"twitter:data1\" content=\"2 minutes\" \/>\n<script type=\"application\/ld+json\" class=\"yoast-schema-graph\">{\"@context\":\"https:\/\/schema.org\",\"@graph\":[{\"@type\":\"WebPage\",\"@id\":\"https:\/\/cpecheznouschezvous.org\/?page_id=602\",\"url\":\"https:\/\/cpecheznouschezvous.org\/?page_id=602\",\"name\":\"Notre \u00e9quipe -\",\"isPartOf\":{\"@id\":\"https:\/\/cpecheznouschezvous.org\/#website\"},\"datePublished\":\"2021-05-20T17:52:26+00:00\",\"dateModified\":\"2021-11-17T18:29:45+00:00\",\"breadcrumb\":{\"@id\":\"https:\/\/cpecheznouschezvous.org\/?page_id=602#breadcrumb\"},\"inLanguage\":\"fr-FR\",\"potentialAction\":[{\"@type\":\"ReadAction\",\"target\":[\"https:\/\/cpecheznouschezvous.org\/?page_id=602\"]}]},{\"@type\":\"BreadcrumbList\",\"@id\":\"https:\/\/cpecheznouschezvous.org\/?page_id=602#breadcrumb\",\"itemListElement\":[{\"@type\":\"ListItem\",\"position\":1,\"name\":\"Home\",\"item\":\"https:\/\/cpecheznouschezvous.org\/\"},{\"@type\":\"ListItem\",\"position\":2,\"name\":\"Notre \u00e9quipe\"}]},{\"@type\":\"WebSite\",\"@id\":\"https:\/\/cpecheznouschezvous.org\/#website\",\"url\":\"https:\/\/cpecheznouschezvous.org\/\",\"name\":\"\",\"description\":\"CPE Chez-nous chez-vous, au coeur de Villeray.\",\"potentialAction\":[{\"@type\":\"SearchAction\",\"target\":{\"@type\":\"EntryPoint\",\"urlTemplate\":\"https:\/\/cpecheznouschezvous.org\/?s={search_term_string}\"},\"query-input\":\"required name=search_term_string\"}],\"inLanguage\":\"fr-FR\"}]}<\/script>\n<!-- \/ Yoast SEO plugin. -->","yoast_head_json":{"title":"Notre \u00e9quipe -","robots":{"index":"index","follow":"follow","max-snippet":"max-snippet:-1","max-image-preview":"max-image-preview:large","max-video-preview":"max-video-preview:-1"},"canonical":"https:\/\/cpecheznouschezvous.org\/?page_id=602","og_locale":"fr_FR","og_type":"article","og_title":"Notre \u00e9quipe -","og_description":"Le CPE Chez-nous chez-vous est reconnu dans sa communaut\u00e9 pour la qualit\u00e9 de ses services et son sens de l\u2019innovation. Chaque enfant, quels que soient ses besoins, peut s\u2019y d\u00e9velopper, par le jeu, entour\u00e9 d\u2019une \u00e9quipe de travail professionnelle et engag\u00e9e dans le projet de sa r\u00e9ussite \u00e9ducative. La communication entre les parents et l\u2019\u00e9quipe Read More","og_url":"https:\/\/cpecheznouschezvous.org\/?page_id=602","article_modified_time":"2021-11-17T18:29:45+00:00","og_image":[{"width":1500,"height":300,"url":"https:\/\/cpecheznouschezvous.org\/site_public\/wp-content\/uploads\/2017\/02\/enfants-dans-la-cour.gif","type":"image\/gif"}],"twitter_card":"summary_large_image","twitter_misc":{"Dur\u00e9e de lecture estim\u00e9e":"2 minutes"},"schema":{"@context":"https:\/\/schema.org","@graph":[{"@type":"WebPage","@id":"https:\/\/cpecheznouschezvous.org\/?page_id=602","url":"https:\/\/cpecheznouschezvous.org\/?page_id=602","name":"Notre \u00e9quipe -","isPartOf":{"@id":"https:\/\/cpecheznouschezvous.org\/#website"},"datePublished":"2021-05-20T17:52:26+00:00","dateModified":"2021-11-17T18:29:45+00:00","breadcrumb":{"@id":"https:\/\/cpecheznouschezvous.org\/?page_id=602#breadcrumb"},"inLanguage":"fr-FR","potentialAction":[{"@type":"ReadAction","target":["https:\/\/cpecheznouschezvous.org\/?page_id=602"]}]},{"@type":"BreadcrumbList","@id":"https:\/\/cpecheznouschezvous.org\/?page_id=602#breadcrumb","itemListElement":[{"@type":"ListItem","position":1,"name":"Home","item":"https:\/\/cpecheznouschezvous.org\/"},{"@type":"ListItem","position":2,"name":"Notre \u00e9quipe"}]},{"@type":"WebSite","@id":"https:\/\/cpecheznouschezvous.org\/#website","url":"https:\/\/cpecheznouschezvous.org\/","name":"","description":"CPE Chez-nous chez-vous, au coeur de Villeray.","potentialAction":[{"@type":"SearchAction","target":{"@type":"EntryPoint","urlTemplate":"https:\/\/cpecheznouschezvous.org\/?s={search_term_string}"},"query-input":"required name=search_term_string"}],"inLanguage":"fr-FR"}]}},"_links":{"self":[{"href":"https:\/\/cpecheznouschezvous.org\/index.php?rest_route=\/wp\/v2\/pages\/602"}],"collection":[{"href":"https:\/\/cpecheznouschezvous.org\/index.php?rest_route=\/wp\/v2\/pages"}],"about":[{"href":"https:\/\/cpecheznouschezvous.org\/index.php?rest_route=\/wp\/v2\/types\/page"}],"author":[{"embeddable":true,"href":"https:\/\/cpecheznouschezvous.org\/index.php?rest_route=\/wp\/v2\/users\/7"}],"replies":[{"embeddable":true,"href":"https:\/\/cpecheznouschezvous.org\/index.php?rest_route=%2Fwp%2Fv2%2Fcomments&post=602"}],"version-history":[{"count":4,"href":"https:\/\/cpecheznouschezvous.org\/index.php?rest_route=\/wp\/v2\/pages\/602\/revisions"}],"predecessor-version":[{"id":644,"href":"https:\/\/cpecheznouschezvous.org\/index.php?rest_route=\/wp\/v2\/pages\/602\/revisions\/644"}],"wp:featuredmedia":[{"embeddable":true,"href":"https:\/\/cpecheznouschezvous.org\/index.php?rest_route=\/wp\/v2\/media\/358"}],"wp:attachment":[{"href":"https:\/\/cpecheznouschezvous.org\/index.php?rest_route=%2Fwp%2Fv2%2Fmedia&parent=602"}],"curies":[{"name":"wp","href":"https:\/\/api.w.org\/{rel}","templated":true}]}}